{"id":17785,"date":"2016-10-10T08:05:03","date_gmt":"2016-10-10T06:05:03","guid":{"rendered":"https:\/\/www.acetaiapaltrinieri.com\/info-relative-agli-acquisti-nel-nostro-e-shop\/"},"modified":"2023-07-07T17:21:13","modified_gmt":"2023-07-07T15:21:13","slug":"info-relating-to-purchases-in-our-e-shop","status":"publish","type":"page","link":"https:\/\/www.acetaiapaltrinieri.com\/en\/info-relating-to-purchases-in-our-e-shop\/","title":{"rendered":"Info relating to purchases in our e-shop"},"content":{"rendered":"<section class=\"wpb-content-wrapper\"><p>[vc_row padding_top_multiplier=&#8221;3x&#8221; padding_bottom_multiplier=&#8221;3x&#8221;][vc_column width=&#8221;1\/3&#8243;]<h3 class=\"grve-element grve-title grve-align-left grve-h1 grve-custom-font-1 grve-increase-heading grve-heading-300\" style=\"\"><span><span style=\"color: #e2e2e2;\">01<\/span><\/span><\/h3><h2 class=\"grve-element grve-title grve-align-left grve-h2\" style=\"\"><span>MODALIT\u00c0 DI ACQUISTO<\/span><\/h2>[\/vc_column][vc_column width=&#8221;2\/3&#8243;][vc_tta_accordion active_section=&#8221;1&#8243;][vc_tta_section title=&#8221;Come acquistare sul nostro Shop&#8221;][vc_column_text]Per aggiungere un articolo al carrello della spesa \u00e8 sufficiente cliccare sul pulsante verde \u201cACQUISTA\u201d presente in ogni pagina prodotto.<br \/>\nUna volta aggiunto un articolo al carrello, \u00e8 possibile visualizzare il contenuto cliccando sull\u2019icona in alto a destra. Apparir\u00e0 sulla destra una lista dei prodotti acquistati e i totali parziali.<\/p>\n<p>Cliccando sul pulsante \u201cCASSA\u201d sarai indirizzato alla schermata di checkout, ossia alla pagina del sito in cui procedere alla chiusura dell\u2019ordine e al pagamento. In qualsiasi momento avrai la possibilit\u00e0 di gestire il tuo ordine, aggiungendo o eliminando prodotti e quantit\u00e0.<\/p>\n<p>Nella fase di pagamento, ti sar\u00e0 chiesto di inserire i dati indispensabili alla chiusura dell\u2019ordine. Se possiedi un codice promozionale inseriscilo e ti sar\u00e0 riconosciuta la promozione dedicata se attiva o in corso di validit\u00e0.<\/p>\n<p>Le spese di spedizione saranno calcolate automaticamente in base al totale del tuo acquisto e del paese di destinazione.[\/vc_column_text][\/vc_tta_section][vc_tta_section title=&#8221;Vuoi effettuare ordini di grandi quantit\u00e0?&#8221;][vc_column_text]In caso di ordini di quantit\u00e0 elevate di prodotti ti chiediamo di contattarci direttamente via email:<\/p>\n<p><a href=\"mailto:info@acetaiapaltrinieri.it\"> info@acetaiapaltrinieri.it<\/a><\/p>\n<p>o di chiamarci al tel. +39 059 902117 per offerte dedicate.[\/vc_column_text][\/vc_tta_section][vc_tta_section title=&#8221;Con quali sistemi puoi effettuare il pagamento?&#8221;][vc_column_text]Tutti gli articoli a catalogo possono essere acquistati pagando con il sistema: Paypal Secure\/Carta di credito.<\/p>\n<p>Il sistema non richiede alcuna registrazione: una volta completato l\u2019ordine sarai reindirizzato a Paypal e potrai decidere di pagare con il tuo account, se ne possiedi uno, o direttamente con la tua carta di credito.<\/p>\n<p><a href=\"https:\/\/www.paypal.com\/it\/webapps\/helpcenter\/helphub\/article\/?solutionId=FAQ1079&amp;topicID=&amp;m=ARA\" target=\"_blank\" rel=\"noopener\">Clicca qui<\/a> per saperne di pi\u00f9 su Paypal.[\/vc_column_text][\/vc_tta_section][\/vc_tta_accordion][\/vc_column][\/vc_row][vc_row bg_type=&#8221;color&#8221; padding_top_multiplier=&#8221;3x&#8221; padding_bottom_multiplier=&#8221;3x&#8221; bg_color=&#8221;#f7f7f7&#8243;][vc_column width=&#8221;1\/3&#8243;]<h3 class=\"grve-element grve-title grve-align-left grve-h1 grve-custom-font-1 grve-increase-heading grve-heading-300\" style=\"\"><span><span style=\"color: #e2e2e2;\">02<\/span><\/span><\/h3><h2 class=\"grve-element grve-title grve-align-left grve-h2\" style=\"\"><span>DIRITTO DI RECESSO<\/span><\/h2>[\/vc_column][vc_column width=&#8221;2\/3&#8243;][vc_tta_accordion active_section=&#8221;1&#8243;][vc_tta_section title=&#8221;Come esercitare il diritto di recesso&#8221;][vc_column_text]Ai sensi dell\u2019art. 5 DL 185\/1999, se il cliente \u00e8 un consumatore (ossia una persona fisica che acquista la merce per scopi non riferibili alla propria attivit\u00e0 professionale, ovvero non effettua l\u2019acquisto indicando nel modulo d\u2019ordine un riferimento di Partita IVA), ha diritto a recedere dal contratto di acquisto per qualsiasi motivo, senza necessit\u00e0 di fornire spiegazioni e senza alcuna penalit\u00e0, fatto salvo quanto indicato al successivo punto delle CONDIZIONI.<\/p>\n<p>Per esercitare tale diritto, il cliente dovr\u00e0 inviare alla \u201cAzienda Agricola Paltrinieri Ing. Guido\u201d una comunicazione in tal senso, entro 10 giorni lavorativi dalla data di ricevimento della merce. Tale comunicazione dovr\u00e0 essere inviata a mezzo lettera raccomandata con avviso di ricevimento, indirizzata a<\/p>\n<p>Azienda Agricola Paltrinieri Ing. Guido<br \/>\nvia Verdeta, 11 \u2013 41030 Sorbara (MO) \u2013 Italy<\/p>\n<p>ovvero mediante telegramma o fax inviati sempre entro il suddetto termine di 10 giorni e seguiti da una conferma a mezzo lettera raccomandata con avviso di ricevimento, inviata TASSATIVAMENTE entro le 48 ore successive.<br \/>\nUna volta pervenutaci la suddetta comunicazione di recesso, Azienda Agricola Paltrinieri Ing. Guido provveder\u00e0 rapidamente a comunicare al cliente le istruzioni sulla modalit\u00e0 di restituzione della merce che dovr\u00e0 pervenire a Azienda Agricola Paltrinieri Ing. Guido entro 10 giorni dall\u2019autorizzazione.[\/vc_column_text][\/vc_tta_section][vc_tta_section title=&#8221;Le condizioni&#8221;][vc_column_text]Il diritto di recesso \u00e8 comunque sottoposto alle seguenti condizioni:<\/p>\n<ul>\n<li>il diritto si applica al prodotto acquistato nella sua interezza e deve essere restituito nella confezione originale, completa in tutte le sue parti (compresi imballo ed eventuale documentazione e dotazione accessoria); per limitare danneggiamenti alla confezione originale, raccomandiamo, quando possibile, di inserirla in una seconda scatola;<\/li>\n<li>il diritto non si applica ai prodotti una volta aperti.<\/li>\n<\/ul>\n<p>[\/vc_column_text][\/vc_tta_section][vc_tta_section title=&#8221;Spese e regole per la spedizione del prodotto da restituire&#8221;][vc_column_text]A norma di legge, le spese di spedizione relative alla restituzione del bene sono a carico del cliente, la spedizione, fino all\u2019attestato di avvenuto ricevimento nel nostro magazzino, \u00e8 sotto la completa responsabilit\u00e0 del cliente.<\/p>\n<p>In caso di danneggiamento del bene durante il trasporto, Azienda Agricola Paltrinieri Ing. Guido dar\u00e0 comunicazione al cliente dell\u2019accaduto (entro 5 giorni lavorativi dal ricevimento del bene nei propri magazzini), per consentirgli di sporgere tempestivamente denuncia nei confronti del corriere da lui scelto e ottenere il rimborso del valore del bene (se assicurato); in questa eventualit\u00e0, il prodotto sar\u00e0 messo a disposizione del cliente per la sua restituzione, annullando contemporaneamente la richiesta di recesso.<\/p>\n<p>Azienda Agricola Paltrinieri Ing. Guido non risponde in nessun modo per danneggiamenti o furto\/smarrimento di beni restituiti con spedizioni non assicurate; al suo arrivo in magazzino, il prodotto sar\u00e0 esaminato per valutare eventuali danni o manomissioni non derivanti dal trasporto.<\/p>\n<p>Qualora la confezione e\/o l\u2019imballo originale risultino rovinati, Azienda Agricola Paltrinieri Ing. Guido provveder\u00e0 a trattenere dal rimborso dovuto una percentuale, comunque non superiore al 10% dello stesso, quale contributo alle spese di ripristino.<\/p>\n<p>Fatte salve eventuali spese di ripristino per danni accertati all\u2019imballo originale, Azienda Agricola Paltrinieri Ing. Guido provveder\u00e0 a rimborsare al cliente l\u2019importo gi\u00e0 pagato, nel minor tempo possibile e comunque entro 30 giorni dalla richiesta di recesso, tramite procedura di storno dell\u2019importo addebitato sulla Carta di Credito o a mezzo Bonifico Bancario.<br \/>\nIn quest\u2019ultimo caso, sar\u00e0 cura del cliente fornire tempestivamente le coordinate bancarie sulle quali ottenere il rimborso (Cod. ABI \u2013 CAB \u2013 Conto Corrente dell\u2019intestatario della fattura).<\/p>\n<p>Nel caso di decadenza del diritto di recesso, Azienda Agricola Paltrinieri Ing. Guido provveder\u00e0 a restituire al mittente il bene acquistato, addebitando allo stesso le spese di spedizione.[\/vc_column_text][\/vc_tta_section][\/vc_tta_accordion][\/vc_column][\/vc_row]<\/p>\n<\/section>","protected":false},"excerpt":{"rendered":"<p>[vc_row padding_top_multiplier=&#8221;3x&#8221; padding_bottom_multiplier=&#8221;3x&#8221;][vc_column width=&#8221;1\/3&#8243;][\/vc_column][vc_column width=&#8221;2\/3&#8243;][vc_tta_accordion active_section=&#8221;1&#8243;][vc_tta_section title=&#8221;Come acquistare sul nostro Shop&#8221;][vc_column_text]Per aggiungere un articolo al carrello della spesa \u00e8 sufficiente cliccare sul pulsante verde \u201cACQUISTA\u201d presente in ogni pagina prodotto. Una volta aggiunto un articolo al carrello, \u00e8 possibile visualizzare il contenuto cliccando sull\u2019icona in alto a destra. Apparir\u00e0 sulla destra una lista dei prodotti [&hellip;]<\/p>\n","protected":false},"author":1,"featured_media":0,"parent":0,"menu_order":0,"comment_status":"closed","ping_status":"closed","template":"","meta":{"footnotes":""},"class_list":["post-17785","page","type-page","status-publish","hentry"],"_links":{"self":[{"href":"https:\/\/www.acetaiapaltrinieri.com\/en\/wp-json\/wp\/v2\/pages\/17785","targetHints":{"allow":["GET"]}}],"collection":[{"href":"https:\/\/www.acetaiapaltrinieri.com\/en\/wp-json\/wp\/v2\/pages"}],"about":[{"href":"https:\/\/www.acetaiapaltrinieri.com\/en\/wp-json\/wp\/v2\/types\/page"}],"author":[{"embeddable":true,"href":"https:\/\/www.acetaiapaltrinieri.com\/en\/wp-json\/wp\/v2\/users\/1"}],"replies":[{"embeddable":true,"href":"https:\/\/www.acetaiapaltrinieri.com\/en\/wp-json\/wp\/v2\/comments?post=17785"}],"version-history":[{"count":1,"href":"https:\/\/www.acetaiapaltrinieri.com\/en\/wp-json\/wp\/v2\/pages\/17785\/revisions"}],"predecessor-version":[{"id":17966,"href":"https:\/\/www.acetaiapaltrinieri.com\/en\/wp-json\/wp\/v2\/pages\/17785\/revisions\/17966"}],"wp:attachment":[{"href":"https:\/\/www.acetaiapaltrinieri.com\/en\/wp-json\/wp\/v2\/media?parent=17785"}],"curies":[{"name":"wp","href":"https:\/\/api.w.org\/{rel}","templated":true}]}}